{"id":51,"date":"2023-08-25T19:20:31","date_gmt":"2023-08-25T19:20:31","guid":{"rendered":"https:\/\/www.arcticwatersport.fi\/?page_id=51"},"modified":"2024-11-28T15:58:33","modified_gmt":"2024-11-28T15:58:33","slug":"yritys","status":"publish","type":"page","link":"https:\/\/www.arcticwatersport.fi\/index.php\/yritys\/","title":{"rendered":"Yritys"},"content":{"rendered":"\n<p><br><\/p>\n\n\n\n<p>Arctic Watersport Oy have a great deal of<br>experience making composite, rotomoulded<br>polyethylen and vacuum formed products.<br>Production takes place in our own factory and<br>nearby situated partner companies.<br><br><\/p>\n\n\n\n<p>Kayaks and canoes are very demanding to make:<br>Watertight bulkheads, proper skegs, rudders<br>and all the fittings are not so obvious to make.<br>Besides the production as we also have been importing and selling other <\/p>\n\n\n\n<p>well known brands worldwide we know quite well how to<br>avoid the problems and what improvements<br>should be done to exceed the needs and<br>demands of today\u2019s customer.<br><\/p>\n\n\n\n<p>Measures and materials may change<br>due to our product development.<br>All rights reserved.<\/p>\n\n\n\n<p>Besides own products our company does sub contract rotomolding. <\/p>\n\n\n\n<p>Our company does not have direct sales to private customers. But please contact us and we can look closest dealer from you for the full service. <\/p>\n\n\n\n<p>Nature is precious for us and since beginning it has been obious that we need to recycle all the waste material that comes from process of building our products. This is why our company has in house recycling line to granule and puleverize the polyethylene materials and reuse it to some other parts like composters, water tanks&#8230;<\/p>\n\n\n\n<p>Please feel free to contact us: <\/p>\n\n\n\n<p><\/p>\n\n\n\n<p>Arctic Watersport Oy<\/p>\n\n\n\n<p>info@arcticwatersport.fi<\/p>\n\n\n\n<p>+358 50 3813190<\/p>\n\n\n\n<p>Yritt\u00e4j\u00e4nkulma 4<\/p>\n\n\n\n<p>01800 Klaukkala<\/p>\n\n\n\n<p>Finland<\/p>\n\n\n\n<p>Arctic Watersport Oy:ll\u00e4 on pitk\u00e4aikainen kokemus komposiittituotteiden ja rotaatiomuovattujen tuotteiden valmistuksesta.<\/p>\n\n\n\n<p>Tuotanto tapahtuu omissa tiloissamme. Kajakit ja kanootit ovat eritt\u00e4in vaativia valmistaa: Vesitiiviit laipiot, kunnolliset ev\u00e4t, per\u00e4simet ja kaikki varusteet eiv\u00e4t ole niin ilmeisi\u00e4 tehd\u00e4 ja asentaa.<\/p>\n\n\n\n<p>Tuotekehityksen my\u00f6t\u00e4 rakenteet  ja materiaalit saattavat muuttua ajan kanssa ja siksi pid\u00e4t\u00e4mme oikeiden innovatiivisiin tuotemuutoksiin ilman erillist\u00e4 ilmoittamista.<\/p>\n\n\n\n<p>Omien tuotteiden lis\u00e4ksi yrityksemme tekee alihankintana rotaatiovalua. <\/p>\n\n\n\n<p>Yrityksell\u00e4mme ei ole suoramyynti\u00e4 yksityisasiakkaille. Mutta ota meihin yhteytt\u00e4, niin voimme paikallistaa sinulle l\u00e4himm\u00e4n j\u00e4lleenmyyj\u00e4n joka tarjoaa hyv\u00e4n palvelun. <\/p>\n\n\n\n<p>Luonto on meille arvokas asia ja alusta asti on ollut selv\u00e4\u00e4, ett\u00e4 meid\u00e4n t\u00e4ytyy pyrki\u00e4 mahdollisemman pieneen hiilijalanj\u00e4lkeen. Kestomuovista ja hyvill\u00e4 komponenteilla laadukkaasti valmistetut tuotteet kest\u00e4v\u00e4t yksityisk\u00e4yt\u00f6ss\u00e4 monesti jopa usealle sokupolvelle. Ja jos tuote tulee joskus tiens\u00e4 p\u00e4\u00e4h\u00e4n niin se on kierr\u00e4tett\u00e4viss\u00e4. Ilmeist\u00e4 on my\u00f6s kierr\u00e4tt\u00e4\u00e4 tuotteidemme valmistusprosessista syntyv\u00e4 j\u00e4temateriaali. T\u00e4st\u00e4 syyst\u00e4 yrityksell\u00e4mme on mm. oma kierr\u00e4tyslinja polyeteenimateriaalien  jauhamiseen ja pulverisoimiseen uudelleenk\u00e4ytt\u00f6\u00e4 varten. Kierr\u00e4tetty materiaali soveltuu mainiosti muihin tuotteisiin kuten kompostoreihin, vesis\u00e4ili\u00f6ihin, ponttooneihin ym. jossa lopputuotteen vaatimustaso ei ole niin korkea kuin kajakeissa ja kanooteissa. <\/p>\n\n\n\n<div class=\"wp-block-media-text is-stacked-on-mobile\"><figure class=\"wp-block-media-text__media\"><img loading=\"lazy\" decoding=\"async\" width=\"1024\" height=\"148\" src=\"https:\/\/www.arcticwatersport.fi\/wp-content\/uploads\/2024\/11\/aaltoS3-muokattuPNG-1-1024x148.png\" alt=\"\" class=\"wp-image-512 size-full\" srcset=\"https:\/\/www.arcticwatersport.fi\/wp-content\/uploads\/2024\/11\/aaltoS3-muokattuPNG-1-1024x148.png 1024w, https:\/\/www.arcticwatersport.fi\/wp-content\/uploads\/2024\/11\/aaltoS3-muokattuPNG-1-300x43.png 300w, https:\/\/www.arcticwatersport.fi\/wp-content\/uploads\/2024\/11\/aaltoS3-muokattuPNG-1-768x111.png 768w, https:\/\/www.arcticwatersport.fi\/wp-content\/uploads\/2024\/11\/aaltoS3-muokattuPNG-1-1536x221.png 1536w, https:\/\/www.arcticwatersport.fi\/wp-content\/uploads\/2024\/11\/aaltoS3-muokattuPNG-1-2048x295.png 2048w, https:\/\/www.arcticwatersport.fi\/wp-content\/uploads\/2024\/11\/aaltoS3-muokattuPNG-1-1320x190.png 1320w, https:\/\/www.arcticwatersport.fi\/wp-content\/uploads\/2024\/11\/aaltoS3-muokattuPNG-1-600x86.png 600w\" sizes=\"auto, (max-width: 1024px) 100vw, 1024px\" \/><\/figure><div class=\"wp-block-media-text__content\">\n<p><\/p>\n<\/div><\/div>\n\n\n\n<div class=\"wp-block-media-text is-stacked-on-mobile\"><figure class=\"wp-block-media-text__media\"><img loading=\"lazy\" decoding=\"async\" width=\"450\" height=\"225\" src=\"https:\/\/www.arcticwatersport.fi\/wp-content\/uploads\/2024\/11\/tehty_suomessa.png\" alt=\"\" class=\"wp-image-503 size-full\" srcset=\"https:\/\/www.arcticwatersport.fi\/wp-content\/uploads\/2024\/11\/tehty_suomessa.png 450w, https:\/\/www.arcticwatersport.fi\/wp-content\/uploads\/2024\/11\/tehty_suomessa-300x150.png 300w\" sizes=\"auto, (max-width: 450px) 100vw, 450px\" \/><\/figure><div class=\"wp-block-media-text__content\">\n<p><\/p>\n<\/div><\/div>\n\n\n\n<p><\/p>\n","protected":false},"excerpt":{"rendered":"<p>Arctic Watersport Oy have a great deal ofexperience making composite, rotomouldedpolyethylen and vacuum formed products.Production takes place in our own factory andnearby situated partner companies. Kayaks and canoes are very demanding to make:Watertight bulkheads, proper skegs, ruddersand all the fittings are not so obvious to make.Besides the production as we also have been importing and [&hellip;]<\/p>\n","protected":false},"author":1,"featured_media":0,"parent":0,"menu_order":0,"comment_status":"closed","ping_status":"closed","template":"","meta":{"footnotes":""},"class_list":["post-51","page","type-page","status-publish","hentry"],"jetpack_sharing_enabled":true,"_links":{"self":[{"href":"https:\/\/www.arcticwatersport.fi\/index.php\/wp-json\/wp\/v2\/pages\/51","targetHints":{"allow":["GET"]}}],"collection":[{"href":"https:\/\/www.arcticwatersport.fi\/index.php\/wp-json\/wp\/v2\/pages"}],"about":[{"href":"https:\/\/www.arcticwatersport.fi\/index.php\/wp-json\/wp\/v2\/types\/page"}],"author":[{"embeddable":true,"href":"https:\/\/www.arcticwatersport.fi\/index.php\/wp-json\/wp\/v2\/users\/1"}],"replies":[{"embeddable":true,"href":"https:\/\/www.arcticwatersport.fi\/index.php\/wp-json\/wp\/v2\/comments?post=51"}],"version-history":[{"count":17,"href":"https:\/\/www.arcticwatersport.fi\/index.php\/wp-json\/wp\/v2\/pages\/51\/revisions"}],"predecessor-version":[{"id":513,"href":"https:\/\/www.arcticwatersport.fi\/index.php\/wp-json\/wp\/v2\/pages\/51\/revisions\/513"}],"wp:attachment":[{"href":"https:\/\/www.arcticwatersport.fi\/index.php\/wp-json\/wp\/v2\/media?parent=51"}],"curies":[{"name":"wp","href":"https:\/\/api.w.org\/{rel}","templated":true}]}}