{"id":301,"date":"2023-09-03T18:30:04","date_gmt":"2023-09-03T18:30:04","guid":{"rendered":"https:\/\/www.arcticwatersport.fi\/?page_id=301"},"modified":"2023-12-31T14:53:04","modified_gmt":"2023-12-31T14:53:04","slug":"website-still-under-construction","status":"publish","type":"page","link":"https:\/\/www.arcticwatersport.fi\/index.php\/website-still-under-construction\/","title":{"rendered":"Website still under construction."},"content":{"rendered":"\n<p><\/p>\n\n\n\n<div class=\"wp-block-media-text is-stacked-on-mobile\"><figure class=\"wp-block-media-text__media\"><img loading=\"lazy\" decoding=\"async\" width=\"466\" height=\"675\" src=\"https:\/\/www.arcticwatersport.fi\/wp-content\/uploads\/2023\/09\/ArcticWatersportKansi-1.png\" alt=\"\" class=\"wp-image-252 size-full\" srcset=\"https:\/\/www.arcticwatersport.fi\/wp-content\/uploads\/2023\/09\/ArcticWatersportKansi-1.png 466w, https:\/\/www.arcticwatersport.fi\/wp-content\/uploads\/2023\/09\/ArcticWatersportKansi-1-207x300.png 207w\" sizes=\"auto, (max-width: 466px) 100vw, 466px\" \/><\/figure><div class=\"wp-block-media-text__content\">\n<p><\/p>\n<\/div><\/div>\n\n\n\n<div class=\"wp-block-media-text is-stacked-on-mobile\"><figure class=\"wp-block-media-text__media\"><img loading=\"lazy\" decoding=\"async\" width=\"759\" height=\"252\" src=\"https:\/\/www.arcticwatersport.fi\/wp-content\/uploads\/2023\/10\/EUTukijaVipuvoimaa.jpg\" alt=\"\" class=\"wp-image-283 size-full\" srcset=\"https:\/\/www.arcticwatersport.fi\/wp-content\/uploads\/2023\/10\/EUTukijaVipuvoimaa.jpg 759w, https:\/\/www.arcticwatersport.fi\/wp-content\/uploads\/2023\/10\/EUTukijaVipuvoimaa-300x100.jpg 300w, https:\/\/www.arcticwatersport.fi\/wp-content\/uploads\/2023\/10\/EUTukijaVipuvoimaa-600x199.jpg 600w\" sizes=\"auto, (max-width: 759px) 100vw, 759px\" \/><\/figure><div class=\"wp-block-media-text__content\">\n<p><\/p>\n<\/div><\/div>\n\n\n\n<p class=\"has-small-font-size\">\u201dHankkeen aikana Suomeen syntyi tiett\u00e4v\u00e4sti ensimm\u00e4inen kotimainen kanoottien ja kajakkien valmistaja, joka hy\u00f6dynt\u00e4\u00e4 tuotannossa my\u00f6s kierr\u00e4tysmateriaalia. Hankkeen aikana kyettiin lis\u00e4\u00e4m\u00e4\u00e4n tietoa kotimaassa ja ulkomailla suomalaisesta laadukkaasta muovituotannosta, joka hy\u00f6dynt\u00e4\u00e4 kierr\u00e4tyst\u00e4. Tuotannon sivutuotteena syntyv\u00e4\u00e4 j\u00e4tett\u00e4 jalostetaan uusiok\u00e4ytt\u00f6\u00f6n uusien tuotteiden materiaaliksi.\u201d <\/p>\n\n\n\n<p class=\"has-small-font-size\">Lis\u00e4tietoja: Ari Holmi, toimitusjohtaja, Arctic Watersport Oy<\/p>\n","protected":false},"excerpt":{"rendered":"<p>\u201dHankkeen aikana Suomeen syntyi tiett\u00e4v\u00e4sti ensimm\u00e4inen kotimainen kanoottien ja kajakkien valmistaja, joka hy\u00f6dynt\u00e4\u00e4 tuotannossa my\u00f6s kierr\u00e4tysmateriaalia. Hankkeen aikana kyettiin lis\u00e4\u00e4m\u00e4\u00e4n tietoa kotimaassa ja ulkomailla suomalaisesta laadukkaasta muovituotannosta, joka hy\u00f6dynt\u00e4\u00e4 kierr\u00e4tyst\u00e4. Tuotannon sivutuotteena syntyv\u00e4\u00e4 j\u00e4tett\u00e4 jalostetaan uusiok\u00e4ytt\u00f6\u00f6n uusien tuotteiden materiaaliksi.\u201d Lis\u00e4tietoja: Ari Holmi, toimitusjohtaja, Arctic Watersport Oy<\/p>\n","protected":false},"author":1,"featured_media":0,"parent":0,"menu_order":0,"comment_status":"closed","ping_status":"closed","template":"","meta":{"footnotes":""},"class_list":["post-301","page","type-page","status-publish","hentry"],"jetpack_sharing_enabled":true,"_links":{"self":[{"href":"https:\/\/www.arcticwatersport.fi\/index.php\/wp-json\/wp\/v2\/pages\/301","targetHints":{"allow":["GET"]}}],"collection":[{"href":"https:\/\/www.arcticwatersport.fi\/index.php\/wp-json\/wp\/v2\/pages"}],"about":[{"href":"https:\/\/www.arcticwatersport.fi\/index.php\/wp-json\/wp\/v2\/types\/page"}],"author":[{"embeddable":true,"href":"https:\/\/www.arcticwatersport.fi\/index.php\/wp-json\/wp\/v2\/users\/1"}],"replies":[{"embeddable":true,"href":"https:\/\/www.arcticwatersport.fi\/index.php\/wp-json\/wp\/v2\/comments?post=301"}],"version-history":[{"count":1,"href":"https:\/\/www.arcticwatersport.fi\/index.php\/wp-json\/wp\/v2\/pages\/301\/revisions"}],"predecessor-version":[{"id":302,"href":"https:\/\/www.arcticwatersport.fi\/index.php\/wp-json\/wp\/v2\/pages\/301\/revisions\/302"}],"wp:attachment":[{"href":"https:\/\/www.arcticwatersport.fi\/index.php\/wp-json\/wp\/v2\/media?parent=301"}],"curies":[{"name":"wp","href":"https:\/\/api.w.org\/{rel}","templated":true}]}}