{"id":248,"date":"2023-09-03T18:30:04","date_gmt":"2023-09-03T18:30:04","guid":{"rendered":"https:\/\/www.arcticwatersport.fi\/index.php\/etusivu\/"},"modified":"2025-10-07T05:11:27","modified_gmt":"2025-10-07T05:11:27","slug":"https-www-arcticwatersport-fi","status":"publish","type":"page","link":"https:\/\/www.arcticwatersport.fi\/","title":{"rendered":""},"content":{"rendered":"\n<p id=\"Etusivu\"><a href=\"https:\/\/www.arcticwatersport.fi\/wp-content\/uploads\/2025\/10\/Arctic-watersport-catalog-2025-2026-WEB.pdf\" data-type=\"link\" data-id=\"https:\/\/www.arcticwatersport.fi\/wp-content\/uploads\/2025\/10\/Arctic-watersport-catalog-2025-2026-WEB.pdf\">See our new cataloque 2025\/2026: <\/a><\/p>\n\n\n\n<div class=\"wp-block-media-text is-stacked-on-mobile\"><figure class=\"wp-block-media-text__media\"><a href=\"https:\/\/www.arcticwatersport.fi\/wp-content\/uploads\/2025\/10\/Arctic-watersport-catalog-2025-2026-WEB.pdf\"><img loading=\"lazy\" decoding=\"async\" width=\"395\" height=\"562\" src=\"https:\/\/www.arcticwatersport.fi\/wp-content\/uploads\/2025\/10\/AWSPaddleSportShow.jpg\" alt=\"\" class=\"wp-image-642 size-full\" srcset=\"https:\/\/www.arcticwatersport.fi\/wp-content\/uploads\/2025\/10\/AWSPaddleSportShow.jpg 395w, https:\/\/www.arcticwatersport.fi\/wp-content\/uploads\/2025\/10\/AWSPaddleSportShow-211x300.jpg 211w\" sizes=\"auto, (max-width: 395px) 100vw, 395px\" \/><\/a><\/figure><div class=\"wp-block-media-text__content\">\n<p><\/p>\n<\/div><\/div>\n\n\n\n<div class=\"wp-block-media-text is-stacked-on-mobile\" style=\"grid-template-columns:44% auto\"><figure class=\"wp-block-media-text__media\"><img loading=\"lazy\" decoding=\"async\" width=\"1024\" height=\"682\" src=\"https:\/\/www.arcticwatersport.fi\/wp-content\/uploads\/2025\/09\/FlyerAWSKayaks-1024x682.png\" alt=\"\" class=\"wp-image-615 size-full\" srcset=\"https:\/\/www.arcticwatersport.fi\/wp-content\/uploads\/2025\/09\/FlyerAWSKayaks-1024x682.png 1024w, https:\/\/www.arcticwatersport.fi\/wp-content\/uploads\/2025\/09\/FlyerAWSKayaks-300x200.png 300w, https:\/\/www.arcticwatersport.fi\/wp-content\/uploads\/2025\/09\/FlyerAWSKayaks-768x512.png 768w, https:\/\/www.arcticwatersport.fi\/wp-content\/uploads\/2025\/09\/FlyerAWSKayaks-1536x1024.png 1536w, https:\/\/www.arcticwatersport.fi\/wp-content\/uploads\/2025\/09\/FlyerAWSKayaks-1320x880.png 1320w, https:\/\/www.arcticwatersport.fi\/wp-content\/uploads\/2025\/09\/FlyerAWSKayaks-600x400.png 600w, https:\/\/www.arcticwatersport.fi\/wp-content\/uploads\/2025\/09\/FlyerAWSKayaks.png 2000w\" sizes=\"auto, (max-width: 1024px) 100vw, 1024px\" \/><\/figure><div class=\"wp-block-media-text__content\">\n<p><\/p>\n\n\n\n<div class=\"wp-block-media-text is-stacked-on-mobile\" style=\"grid-template-columns:85% auto\"><figure class=\"wp-block-media-text__media\"><img loading=\"lazy\" decoding=\"async\" width=\"1024\" height=\"682\" src=\"https:\/\/www.arcticwatersport.fi\/wp-content\/uploads\/2025\/09\/AWSOpenCanoesFlyer-1024x682.png\" alt=\"\" class=\"wp-image-617 size-full\" srcset=\"https:\/\/www.arcticwatersport.fi\/wp-content\/uploads\/2025\/09\/AWSOpenCanoesFlyer-1024x682.png 1024w, https:\/\/www.arcticwatersport.fi\/wp-content\/uploads\/2025\/09\/AWSOpenCanoesFlyer-300x200.png 300w, https:\/\/www.arcticwatersport.fi\/wp-content\/uploads\/2025\/09\/AWSOpenCanoesFlyer-768x512.png 768w, https:\/\/www.arcticwatersport.fi\/wp-content\/uploads\/2025\/09\/AWSOpenCanoesFlyer-1536x1024.png 1536w, https:\/\/www.arcticwatersport.fi\/wp-content\/uploads\/2025\/09\/AWSOpenCanoesFlyer-1320x880.png 1320w, https:\/\/www.arcticwatersport.fi\/wp-content\/uploads\/2025\/09\/AWSOpenCanoesFlyer-600x400.png 600w, https:\/\/www.arcticwatersport.fi\/wp-content\/uploads\/2025\/09\/AWSOpenCanoesFlyer.png 2000w\" sizes=\"auto, (max-width: 1024px) 100vw, 1024px\" \/><\/figure><div class=\"wp-block-media-text__content\">\n<p><\/p>\n<\/div><\/div>\n<\/div><\/div>\n\n\n\n<div class=\"wp-block-media-text is-stacked-on-mobile\" style=\"grid-template-columns:20% auto\"><figure class=\"wp-block-media-text__media\"><img loading=\"lazy\" decoding=\"async\" width=\"759\" height=\"252\" src=\"https:\/\/www.arcticwatersport.fi\/wp-content\/uploads\/2023\/10\/EUTukijaVipuvoimaa.jpg\" alt=\"\" class=\"wp-image-283 size-full\" srcset=\"https:\/\/www.arcticwatersport.fi\/wp-content\/uploads\/2023\/10\/EUTukijaVipuvoimaa.jpg 759w, https:\/\/www.arcticwatersport.fi\/wp-content\/uploads\/2023\/10\/EUTukijaVipuvoimaa-300x100.jpg 300w, https:\/\/www.arcticwatersport.fi\/wp-content\/uploads\/2023\/10\/EUTukijaVipuvoimaa-600x199.jpg 600w\" sizes=\"auto, (max-width: 759px) 100vw, 759px\" \/><\/figure><div class=\"wp-block-media-text__content\">\n<p><\/p>\n<\/div><\/div>\n\n\n\n<p class=\"has-small-font-size\">\u201dHankkeen aikana Suomeen syntyi tiett\u00e4v\u00e4sti ensimm\u00e4inen kotimainen kanoottien ja kajakkien valmistaja, joka hy\u00f6dynt\u00e4\u00e4 tuotannossa my\u00f6s kierr\u00e4tysmateriaalia. Hankkeen aikana kyettiin lis\u00e4\u00e4m\u00e4\u00e4n tietoa kotimaassa ja ulkomailla suomalaisesta laadukkaasta muovituotannosta, joka hy\u00f6dynt\u00e4\u00e4 kierr\u00e4tyst\u00e4. Tuotannon sivutuotteena syntyv\u00e4\u00e4 j\u00e4tett\u00e4 jalostetaan uusiok\u00e4ytt\u00f6\u00f6n uusien tuotteiden materiaaliksi.\u201d <\/p>\n\n\n\n<p class=\"has-small-font-size\">Lis\u00e4tietoja: Ari Holmi, toimitusjohtaja, Arctic Watersport Oy<\/p>\n","protected":false},"excerpt":{"rendered":"<p>See our new cataloque 2025\/2026: \u201dHankkeen aikana Suomeen syntyi tiett\u00e4v\u00e4sti ensimm\u00e4inen kotimainen kanoottien ja kajakkien valmistaja, joka hy\u00f6dynt\u00e4\u00e4 tuotannossa my\u00f6s kierr\u00e4tysmateriaalia. Hankkeen aikana kyettiin lis\u00e4\u00e4m\u00e4\u00e4n tietoa kotimaassa ja ulkomailla suomalaisesta laadukkaasta muovituotannosta, joka hy\u00f6dynt\u00e4\u00e4 kierr\u00e4tyst\u00e4. Tuotannon sivutuotteena syntyv\u00e4\u00e4 j\u00e4tett\u00e4 jalostetaan uusiok\u00e4ytt\u00f6\u00f6n uusien tuotteiden materiaaliksi.\u201d Lis\u00e4tietoja: Ari Holmi, toimitusjohtaja, Arctic Watersport Oy<\/p>\n","protected":false},"author":1,"featured_media":0,"parent":0,"menu_order":0,"comment_status":"closed","ping_status":"closed","template":"","meta":{"footnotes":""},"class_list":["post-248","page","type-page","status-publish","hentry"],"jetpack_sharing_enabled":true,"_links":{"self":[{"href":"https:\/\/www.arcticwatersport.fi\/index.php\/wp-json\/wp\/v2\/pages\/248","targetHints":{"allow":["GET"]}}],"collection":[{"href":"https:\/\/www.arcticwatersport.fi\/index.php\/wp-json\/wp\/v2\/pages"}],"about":[{"href":"https:\/\/www.arcticwatersport.fi\/index.php\/wp-json\/wp\/v2\/types\/page"}],"author":[{"embeddable":true,"href":"https:\/\/www.arcticwatersport.fi\/index.php\/wp-json\/wp\/v2\/users\/1"}],"replies":[{"embeddable":true,"href":"https:\/\/www.arcticwatersport.fi\/index.php\/wp-json\/wp\/v2\/comments?post=248"}],"version-history":[{"count":19,"href":"https:\/\/www.arcticwatersport.fi\/index.php\/wp-json\/wp\/v2\/pages\/248\/revisions"}],"predecessor-version":[{"id":645,"href":"https:\/\/www.arcticwatersport.fi\/index.php\/wp-json\/wp\/v2\/pages\/248\/revisions\/645"}],"wp:attachment":[{"href":"https:\/\/www.arcticwatersport.fi\/index.php\/wp-json\/wp\/v2\/media?parent=248"}],"curies":[{"name":"wp","href":"https:\/\/api.w.org\/{rel}","templated":true}]}}